{"id":6212,"date":"2025-08-13T11:15:30","date_gmt":"2025-08-13T09:15:30","guid":{"rendered":"https:\/\/www.kinderfonds.be\/partenaires\/devenir-partenaire\/"},"modified":"2026-04-07T11:33:27","modified_gmt":"2026-04-07T09:33:27","slug":"devenir-partenaire","status":"publish","type":"page","link":"https:\/\/www.kinderfonds.be\/fr\/partenaires\/devenir-partenaire\/","title":{"rendered":"Devenir partenaire"},"content":{"rendered":"\t\t<div data-elementor-type=\"wp-page\" data-elementor-id=\"6212\" class=\"elementor elementor-6212 elementor-6023\" data-elementor-post-type=\"page\">\n\t\t\t\t<div class=\"elementor-element elementor-element-724339a e-con-full e-flex e-con e-parent\" data-id=\"724339a\" data-element_type=\"container\" data-e-type=\"container\">\n\t\t<div class=\"elementor-element elementor-element-8a5130c e-con-full e-flex e-con e-child\" data-id=\"8a5130c\" data-element_type=\"container\" data-e-type=\"container\">\n\t\t\t\t<div class=\"elementor-element elementor-element-70edd32 elementor-widget elementor-widget-heading\" data-id=\"70edd32\" data-element_type=\"widget\" data-e-type=\"widget\" data-widget_type=\"heading.default\">\n\t\t\t\t\t<h1 class=\"elementor-heading-title elementor-size-default\">Devenir partenaire<\/h1>\t\t\t\t<\/div>\n\t\t\t\t<div class=\"elementor-element elementor-element-9ddde6c elementor-widget elementor-widget-text-editor\" data-id=\"9ddde6c\" data-element_type=\"widget\" data-e-type=\"widget\" data-widget_type=\"text-editor.default\">\n\t\t\t\t\t\t\t\t\t<p data-start=\"239\" data-end=\"503\">La Maison Ronald McDonald est <b>une organisation ind\u00e9pendante<\/b> qui ne b\u00e9n\u00e9ficie d&rsquo;aucune aide publique structurelle. Gr\u00e2ce \u00e0 l&rsquo;engagement de nos <b>partenaires et sponsors<\/b>, ainsi qu&rsquo;aux nombreux <b>dons de particuliers et d&rsquo;entreprises<\/b>, nous pouvons continuer \u00e0 accueillir et \u00e0 soutenir des familles jour apr\u00e8s jour.<\/p><p data-start=\"505\" data-end=\"590\">En tant qu&rsquo;ASBL reconnue, nous pouvons d\u00e9livrer <b>une attestation fiscale<\/b> pour les <b>dons d&rsquo;un montant minimum de 40 euros<\/b>.<\/p>\t\t\t\t\t\t\t\t<\/div>\n\t\t\t\t<\/div>\n\t\t\t\t<\/div>\n\t\t<div class=\"elementor-element elementor-element-14f3a1c e-con-full e-flex e-con e-child\" data-id=\"14f3a1c\" data-element_type=\"container\" data-e-type=\"container\">\n\t\t\t\t<div class=\"elementor-element elementor-element-f8637d5 elementor-widget elementor-widget-heading\" data-id=\"f8637d5\" data-element_type=\"widget\" data-e-type=\"widget\" data-widget_type=\"heading.default\">\n\t\t\t\t\t<h2 class=\"elementor-heading-title elementor-size-default\">Ensemble, nous veillons \u00e0 ce que les familles restent proches les unes des autres,<br>m\u00eame lorsque cela compte le plus.<br><\/h2>\t\t\t\t<\/div>\n\t\t\t\t<div class=\"elementor-element elementor-element-8d23c95 squircle-btn elementor-mobile-align-center elementor-align-center elementor-widget elementor-widget-button\" data-id=\"8d23c95\" data-element_type=\"widget\" data-e-type=\"widget\" data-widget_type=\"button.default\">\n\t\t\t\t\t\t\t\t\t\t<a class=\"elementor-button elementor-button-link elementor-size-sm\" href=\"https:\/\/ronaldmcdonaldkinderfonds.koalect.com\/fr-FR\/p\/steun-het-kinderfonds\/step-1\" target=\"_blank\">\n\t\t\t\t\t\t<span class=\"elementor-button-content-wrapper\">\n\t\t\t\t\t\t<span class=\"elementor-button-icon\">\n\t\t\t\t<svg xmlns=\"http:\/\/www.w3.org\/2000\/svg\" id=\"Layer_1\" viewBox=\"0 0 41.56 35.05\"><path d=\"M20.82,34.79c-.4.29-.93.33-1.38.13C15.91,33.29.66,25.67.03,14.86-.69,2.63,12.74,4.07,18.97,9.35c0,0,.99,1,1.68,1.2.68.19,1.59-1.78,4.32-4.08,2.49-2.1,13.19-10.07,16.07-4.56s-6.2,22.96-20.22,32.88Z\"><\/path><\/svg>\t\t\t<\/span>\n\t\t\t\t\t\t\t\t\t<span class=\"elementor-button-text\">Faire un don<\/span>\n\t\t\t\t\t<\/span>\n\t\t\t\t\t<\/a>\n\t\t\t\t\t\t\t\t<\/div>\n\t\t\t\t<\/div>\n\t\t<div class=\"elementor-element elementor-element-84bba95 e-flex e-con-boxed e-con e-parent\" data-id=\"84bba95\" data-element_type=\"container\" data-e-type=\"container\" data-settings=\"{&quot;background_background&quot;:&quot;classic&quot;}\">\n\t\t\t\t\t<div class=\"e-con-inner\">\n\t\t<div class=\"elementor-element elementor-element-ec8b801 e-con-full e-flex e-con e-child\" data-id=\"ec8b801\" data-element_type=\"container\" data-e-type=\"container\">\n\t\t<div class=\"elementor-element elementor-element-9cd2434 e-con-full e-flex e-con e-child\" data-id=\"9cd2434\" data-element_type=\"container\" data-e-type=\"container\">\n\t\t\t\t<div class=\"elementor-element elementor-element-43608ec elementor-widget elementor-widget-heading\" data-id=\"43608ec\" data-element_type=\"widget\" data-e-type=\"widget\" data-widget_type=\"heading.default\">\n\t\t\t\t\t<h2 class=\"elementor-heading-title elementor-size-default\">Aide financi\u00e8re<\/h2>\t\t\t\t<\/div>\n\t\t\t\t<\/div>\n\t\t\t\t<div class=\"elementor-element elementor-element-e7ca3a7 elementor-widget elementor-widget-text-editor\" data-id=\"e7ca3a7\" data-element_type=\"widget\" data-e-type=\"widget\" data-widget_type=\"text-editor.default\">\n\t\t\t\t\t\t\t\t\t<h3 data-start=\"85\" data-end=\"561\">Le co\u00fbt de construction de cette maison s&rsquo;\u00e9l\u00e8ve \u00e0 2,2 millions d&rsquo;euros. Les frais de fonctionnement sont estim\u00e9s entre 220 000 et 250 000 euros par an. Pour mener \u00e0 bien ce projet, nous avons absolument besoin d&rsquo;aide. Gr\u00e2ce notamment au soutien de votre entreprise, les enfants qui doivent s\u00e9journer \u00e0 l&rsquo;h\u00f4pital seront plus proches de leur famille. C&rsquo;est extr\u00eamement important tant pour la famille que pour l&rsquo;enfant. Il est inconcevable qu&rsquo;un enfant malade s\u00e9journe \u00e0 l&rsquo;h\u00f4pital loin de ses parents et de ses fr\u00e8res et s\u0153urs.     <\/h3><h3 data-start=\"563\" data-end=\"674\">Pour toute information concernant les diff\u00e9rentes formules de parrainage, vous pouvez contacter <a class=\"decorated-link cursor-pointer\" rel=\"noopener\" data-start=\"654\" data-end=\"673\">info@kinderfonds.be<\/a>.<\/h3>\t\t\t\t\t\t\t\t<\/div>\n\t\t\t\t<\/div>\n\t\t<div class=\"elementor-element elementor-element-6041e78 e-con-full e-flex e-con e-child\" data-id=\"6041e78\" data-element_type=\"container\" data-e-type=\"container\">\n\t\t\t\t<div class=\"elementor-element elementor-element-647ec7a elementor-widget elementor-widget-image\" data-id=\"647ec7a\" data-element_type=\"widget\" data-e-type=\"widget\" data-widget_type=\"image.default\">\n\t\t\t\t\t\t\t\t\t\t\t\t\t\t\t<img fetchpriority=\"high\" decoding=\"async\" width=\"1000\" height=\"850\" src=\"https:\/\/www.kinderfonds.be\/wp-content\/uploads\/Test_Photo_1000x850.jpg\" class=\"attachment-full size-full wp-image-276\" alt=\"\" srcset=\"https:\/\/www.kinderfonds.be\/wp-content\/uploads\/Test_Photo_1000x850.jpg 1000w, https:\/\/www.kinderfonds.be\/wp-content\/uploads\/Test_Photo_1000x850-150x128.jpg 150w, https:\/\/www.kinderfonds.be\/wp-content\/uploads\/Test_Photo_1000x850-768x653.jpg 768w\" sizes=\"(max-width: 1000px) 100vw, 1000px\" \/>\t\t\t\t\t\t\t\t\t\t\t\t\t\t\t<\/div>\n\t\t\t\t<\/div>\n\t\t\t\t\t<\/div>\n\t\t\t\t<\/div>\n\t\t<div class=\"elementor-element elementor-element-0903209 e-flex e-con-boxed e-con e-parent\" data-id=\"0903209\" data-element_type=\"container\" data-e-type=\"container\">\n\t\t\t\t\t<div class=\"e-con-inner\">\n\t\t<div class=\"elementor-element elementor-element-4025cba e-con-full e-flex e-con e-child\" data-id=\"4025cba\" data-element_type=\"container\" data-e-type=\"container\">\n\t\t\t\t<div class=\"elementor-element elementor-element-506203c elementor-widget elementor-widget-heading\" data-id=\"506203c\" data-element_type=\"widget\" data-e-type=\"widget\" data-widget_type=\"heading.default\">\n\t\t\t\t\t<h2 class=\"elementor-heading-title elementor-size-default\">Ensemble, agissons pour les familles <\/h2>\t\t\t\t<\/div>\n\t\t\t\t<div class=\"elementor-element elementor-element-bad6cfa elementor-widget elementor-widget-text-editor\" data-id=\"bad6cfa\" data-element_type=\"widget\" data-e-type=\"widget\" data-widget_type=\"text-editor.default\">\n\t\t\t\t\t\t\t\t\t<p>Votre \u00e9quipe d\u00e9borde d&rsquo;\u00e9nergie et vous cherchez une activit\u00e9 qui lui permette de se rendre utile tout en renfor\u00e7ant les liens entre ses membres ? Il n&rsquo;y a pas de meilleure fa\u00e7on d&rsquo;y parvenir que d&rsquo;aider les autres. <strong>Apportez votre contribution \u00e0 la Maison Ronald McDonald<\/strong> en y passant un peu de temps pour la rendre propre et accueillante pour les familles qui y s\u00e9journent. <\/p><p>Il est \u00e9galement possible d&rsquo;organiser un \u00e9v\u00e9nement sportif, culturel ou autre afin de <strong>collecter des fonds pour L&rsquo;ASBL Fonds Ronald McDonald pour les enfants<\/strong>. Pourquoi ne pas organiser un marathon d&rsquo;entreprise ou un barbecue avec toute l&rsquo;\u00e9quipe, ou encore tenter de battre un record inscrit au Livre Guinness des records?<\/p>\t\t\t\t\t\t\t\t<\/div>\n\t\t\t\t<div class=\"elementor-element elementor-element-818c102 elementor-mobile-align-justify elementor-widget elementor-widget-button\" data-id=\"818c102\" data-element_type=\"widget\" data-e-type=\"widget\" data-widget_type=\"button.default\">\n\t\t\t\t\t\t\t\t\t\t<a class=\"elementor-button elementor-button-link elementor-size-sm\" href=\"mailto:info@kinderfonds.be\">\n\t\t\t\t\t\t<span class=\"elementor-button-content-wrapper\">\n\t\t\t\t\t\t\t\t\t<span class=\"elementor-button-text\">Lancez une campagne<\/span>\n\t\t\t\t\t<\/span>\n\t\t\t\t\t<\/a>\n\t\t\t\t\t\t\t\t<\/div>\n\t\t\t\t<\/div>\n\t\t<div class=\"elementor-element elementor-element-f064abb e-con-full e-flex e-con e-child\" data-id=\"f064abb\" data-element_type=\"container\" data-e-type=\"container\">\n\t\t\t\t<\/div>\n\t\t\t\t\t<\/div>\n\t\t\t\t<\/div>\n\t\t<div class=\"elementor-element elementor-element-ab5a539 e-flex e-con-boxed e-con e-parent\" data-id=\"ab5a539\" data-element_type=\"container\" data-e-type=\"container\">\n\t\t\t\t\t<div class=\"e-con-inner\">\n\t\t<div class=\"elementor-element elementor-element-dfcd1d9 e-con-full e-flex e-con e-child\" data-id=\"dfcd1d9\" data-element_type=\"container\" data-e-type=\"container\">\n\t\t\t\t<div class=\"elementor-element elementor-element-bd69716 elementor-widget elementor-widget-heading\" data-id=\"bd69716\" data-element_type=\"widget\" data-e-type=\"widget\" data-widget_type=\"heading.default\">\n\t\t\t\t\t<h2 class=\"elementor-heading-title elementor-size-default\">Nos partenaires sociaux<\/h2>\t\t\t\t<\/div>\n\t\t\t\t<div class=\"elementor-element elementor-element-b7fc2c3 elementor-widget elementor-widget-text-editor\" data-id=\"b7fc2c3\" data-element_type=\"widget\" data-e-type=\"widget\" data-widget_type=\"text-editor.default\">\n\t\t\t\t\t\t\t\t\t<p data-pm-slice=\"0 0 []\">L&rsquo;ASBL Fonds Ronald McDonald pour les enfants a \u00e9t\u00e9 fond\u00e9e en 2001 par McDonald\u2019s Belgique et ses franchis\u00e9s et apporte son soutien aux familles dont les enfants ont des besoins m\u00e9dicaux. Depuis plus de 20 ans, le Fonds pour les enfants peut compter sur le soutien inconditionnel de McDonald\u2019s et de ses franchis\u00e9s. Et c&rsquo;est une raison d&rsquo;\u00eatre fiers.  <\/p>\t\t\t\t\t\t\t\t<\/div>\n\t\t\t\t<div class=\"elementor-element elementor-element-a310078 elementor-mobile-align-justify elementor-align-center elementor-widget elementor-widget-button\" data-id=\"a310078\" data-element_type=\"widget\" data-e-type=\"widget\" data-widget_type=\"button.default\">\n\t\t\t\t\t\t\t\t\t\t<a class=\"elementor-button elementor-button-link elementor-size-sm\" href=\"mailto:info@kinderfonds.be\">\n\t\t\t\t\t\t<span class=\"elementor-button-content-wrapper\">\n\t\t\t\t\t\t\t\t\t<span class=\"elementor-button-text\">Devenez partenaire<\/span>\n\t\t\t\t\t<\/span>\n\t\t\t\t\t<\/a>\n\t\t\t\t\t\t\t\t<\/div>\n\t\t\t\t<\/div>\n\t\t\t\t\t<\/div>\n\t\t\t\t<\/div>\n\t\t\t\t<\/div>\n\t\t","protected":false},"excerpt":{"rendered":"<p>Devenir partenaire La Maison Ronald McDonald est une organisation ind\u00e9pendante qui ne b\u00e9n\u00e9ficie d&rsquo;aucune aide publique structurelle. Gr\u00e2ce \u00e0 l&rsquo;engagement de nos partenaires et sponsors, ainsi qu&rsquo;aux nombreux dons de particuliers et d&rsquo;entreprises, nous pouvons continuer \u00e0 accueillir et \u00e0 soutenir des familles jour apr\u00e8s jour. En tant qu&rsquo;ASBL reconnue, nous pouvons d\u00e9livrer une attestation [&hellip;]<\/p>\n","protected":false},"author":10,"featured_media":0,"parent":6223,"menu_order":0,"comment_status":"closed","ping_status":"closed","template":"","meta":{"footnotes":""},"class_list":["post-6212","page","type-page","status-publish","hentry"],"yoast_head":"<!-- This site is optimized with the Yoast SEO plugin v27.5 - https:\/\/yoast.com\/product\/yoast-seo-wordpress\/ -->\n<title>Devenir partenaire - Ronald McDonald House Charities<\/title>\n<meta name=\"robots\" content=\"index, follow, max-snippet:-1, max-image-preview:large, max-video-preview:-1\" \/>\n<link rel=\"canonical\" href=\"https:\/\/www.kinderfonds.be\/fr\/partenaires\/devenir-partenaire\/\" \/>\n<meta property=\"og:locale\" content=\"fr_FR\" \/>\n<meta property=\"og:type\" content=\"article\" \/>\n<meta property=\"og:title\" content=\"Devenir partenaire - Ronald McDonald House Charities\" \/>\n<meta property=\"og:description\" content=\"Devenir partenaire La Maison Ronald McDonald est une organisation ind\u00e9pendante qui ne b\u00e9n\u00e9ficie d&rsquo;aucune aide publique structurelle. Gr\u00e2ce \u00e0 l&rsquo;engagement de nos partenaires et sponsors, ainsi qu&rsquo;aux nombreux dons de particuliers et d&rsquo;entreprises, nous pouvons continuer \u00e0 accueillir et \u00e0 soutenir des familles jour apr\u00e8s jour. En tant qu&rsquo;ASBL reconnue, nous pouvons d\u00e9livrer une attestation [&hellip;]\" \/>\n<meta property=\"og:url\" content=\"https:\/\/www.kinderfonds.be\/fr\/partenaires\/devenir-partenaire\/\" \/>\n<meta property=\"og:site_name\" content=\"Ronald McDonald House Charities\" \/>\n<meta property=\"article:modified_time\" content=\"2026-04-07T09:33:27+00:00\" \/>\n<meta property=\"og:image\" content=\"https:\/\/www.kinderfonds.be\/wp-content\/uploads\/Test_Photo_1000x850.jpg\" \/>\n<meta name=\"twitter:card\" content=\"summary_large_image\" \/>\n<meta name=\"twitter:label1\" content=\"Dur\u00e9e de lecture estim\u00e9e\" \/>\n\t<meta name=\"twitter:data1\" content=\"2 minutes\" \/>\n<script type=\"application\/ld+json\" class=\"yoast-schema-graph\">{\"@context\":\"https:\\\/\\\/schema.org\",\"@graph\":[{\"@type\":\"WebPage\",\"@id\":\"https:\\\/\\\/www.kinderfonds.be\\\/fr\\\/partenaires\\\/devenir-partenaire\\\/\",\"url\":\"https:\\\/\\\/www.kinderfonds.be\\\/fr\\\/partenaires\\\/devenir-partenaire\\\/\",\"name\":\"Devenir partenaire - Ronald McDonald House Charities\",\"isPartOf\":{\"@id\":\"https:\\\/\\\/www.kinderfonds.be\\\/#website\"},\"primaryImageOfPage\":{\"@id\":\"https:\\\/\\\/www.kinderfonds.be\\\/fr\\\/partenaires\\\/devenir-partenaire\\\/#primaryimage\"},\"image\":{\"@id\":\"https:\\\/\\\/www.kinderfonds.be\\\/fr\\\/partenaires\\\/devenir-partenaire\\\/#primaryimage\"},\"thumbnailUrl\":\"https:\\\/\\\/www.kinderfonds.be\\\/wp-content\\\/uploads\\\/Test_Photo_1000x850.jpg\",\"datePublished\":\"2025-08-13T09:15:30+00:00\",\"dateModified\":\"2026-04-07T09:33:27+00:00\",\"breadcrumb\":{\"@id\":\"https:\\\/\\\/www.kinderfonds.be\\\/fr\\\/partenaires\\\/devenir-partenaire\\\/#breadcrumb\"},\"inLanguage\":\"fr-FR\",\"potentialAction\":[{\"@type\":\"ReadAction\",\"target\":[\"https:\\\/\\\/www.kinderfonds.be\\\/fr\\\/partenaires\\\/devenir-partenaire\\\/\"]}]},{\"@type\":\"ImageObject\",\"inLanguage\":\"fr-FR\",\"@id\":\"https:\\\/\\\/www.kinderfonds.be\\\/fr\\\/partenaires\\\/devenir-partenaire\\\/#primaryimage\",\"url\":\"https:\\\/\\\/www.kinderfonds.be\\\/wp-content\\\/uploads\\\/Test_Photo_1000x850.jpg\",\"contentUrl\":\"https:\\\/\\\/www.kinderfonds.be\\\/wp-content\\\/uploads\\\/Test_Photo_1000x850.jpg\"},{\"@type\":\"BreadcrumbList\",\"@id\":\"https:\\\/\\\/www.kinderfonds.be\\\/fr\\\/partenaires\\\/devenir-partenaire\\\/#breadcrumb\",\"itemListElement\":[{\"@type\":\"ListItem\",\"position\":1,\"name\":\"Home\",\"item\":\"https:\\\/\\\/www.kinderfonds.be\\\/fr\\\/accueil\\\/\"},{\"@type\":\"ListItem\",\"position\":2,\"name\":\"Partenaires\",\"item\":\"https:\\\/\\\/www.kinderfonds.be\\\/fr\\\/partenaires\\\/\"},{\"@type\":\"ListItem\",\"position\":3,\"name\":\"Devenir partenaire\"}]},{\"@type\":\"WebSite\",\"@id\":\"https:\\\/\\\/www.kinderfonds.be\\\/#website\",\"url\":\"https:\\\/\\\/www.kinderfonds.be\\\/\",\"name\":\"Ronald McDonald House Charities\",\"description\":\"Keeping families close\",\"publisher\":{\"@id\":\"https:\\\/\\\/www.kinderfonds.be\\\/#organization\"},\"potentialAction\":[{\"@type\":\"SearchAction\",\"target\":{\"@type\":\"EntryPoint\",\"urlTemplate\":\"https:\\\/\\\/www.kinderfonds.be\\\/?s={search_term_string}\"},\"query-input\":{\"@type\":\"PropertyValueSpecification\",\"valueRequired\":true,\"valueName\":\"search_term_string\"}}],\"inLanguage\":\"fr-FR\"},{\"@type\":\"Organization\",\"@id\":\"https:\\\/\\\/www.kinderfonds.be\\\/#organization\",\"name\":\"Ronald McDonald House Charities\",\"url\":\"https:\\\/\\\/www.kinderfonds.be\\\/\",\"logo\":{\"@type\":\"ImageObject\",\"inLanguage\":\"fr-FR\",\"@id\":\"https:\\\/\\\/www.kinderfonds.be\\\/#\\\/schema\\\/logo\\\/image\\\/\",\"url\":\"https:\\\/\\\/www.kinderfonds.be\\\/wp-content\\\/uploads\\\/cropped-01-Ronald-McDonald-House-Logo-Horizontal-scaled-1.png\",\"contentUrl\":\"https:\\\/\\\/www.kinderfonds.be\\\/wp-content\\\/uploads\\\/cropped-01-Ronald-McDonald-House-Logo-Horizontal-scaled-1.png\",\"width\":2558,\"height\":1403,\"caption\":\"Ronald McDonald House Charities\"},\"image\":{\"@id\":\"https:\\\/\\\/www.kinderfonds.be\\\/#\\\/schema\\\/logo\\\/image\\\/\"}}]}<\/script>\n<!-- \/ Yoast SEO plugin. -->","yoast_head_json":{"title":"Devenir partenaire - Ronald McDonald House Charities","robots":{"index":"index","follow":"follow","max-snippet":"max-snippet:-1","max-image-preview":"max-image-preview:large","max-video-preview":"max-video-preview:-1"},"canonical":"https:\/\/www.kinderfonds.be\/fr\/partenaires\/devenir-partenaire\/","og_locale":"fr_FR","og_type":"article","og_title":"Devenir partenaire - Ronald McDonald House Charities","og_description":"Devenir partenaire La Maison Ronald McDonald est une organisation ind\u00e9pendante qui ne b\u00e9n\u00e9ficie d&rsquo;aucune aide publique structurelle. Gr\u00e2ce \u00e0 l&rsquo;engagement de nos partenaires et sponsors, ainsi qu&rsquo;aux nombreux dons de particuliers et d&rsquo;entreprises, nous pouvons continuer \u00e0 accueillir et \u00e0 soutenir des familles jour apr\u00e8s jour. En tant qu&rsquo;ASBL reconnue, nous pouvons d\u00e9livrer une attestation [&hellip;]","og_url":"https:\/\/www.kinderfonds.be\/fr\/partenaires\/devenir-partenaire\/","og_site_name":"Ronald McDonald House Charities","article_modified_time":"2026-04-07T09:33:27+00:00","og_image":[{"url":"https:\/\/www.kinderfonds.be\/wp-content\/uploads\/Test_Photo_1000x850.jpg","type":"","width":"","height":""}],"twitter_card":"summary_large_image","twitter_misc":{"Dur\u00e9e de lecture estim\u00e9e":"2 minutes"},"schema":{"@context":"https:\/\/schema.org","@graph":[{"@type":"WebPage","@id":"https:\/\/www.kinderfonds.be\/fr\/partenaires\/devenir-partenaire\/","url":"https:\/\/www.kinderfonds.be\/fr\/partenaires\/devenir-partenaire\/","name":"Devenir partenaire - Ronald McDonald House Charities","isPartOf":{"@id":"https:\/\/www.kinderfonds.be\/#website"},"primaryImageOfPage":{"@id":"https:\/\/www.kinderfonds.be\/fr\/partenaires\/devenir-partenaire\/#primaryimage"},"image":{"@id":"https:\/\/www.kinderfonds.be\/fr\/partenaires\/devenir-partenaire\/#primaryimage"},"thumbnailUrl":"https:\/\/www.kinderfonds.be\/wp-content\/uploads\/Test_Photo_1000x850.jpg","datePublished":"2025-08-13T09:15:30+00:00","dateModified":"2026-04-07T09:33:27+00:00","breadcrumb":{"@id":"https:\/\/www.kinderfonds.be\/fr\/partenaires\/devenir-partenaire\/#breadcrumb"},"inLanguage":"fr-FR","potentialAction":[{"@type":"ReadAction","target":["https:\/\/www.kinderfonds.be\/fr\/partenaires\/devenir-partenaire\/"]}]},{"@type":"ImageObject","inLanguage":"fr-FR","@id":"https:\/\/www.kinderfonds.be\/fr\/partenaires\/devenir-partenaire\/#primaryimage","url":"https:\/\/www.kinderfonds.be\/wp-content\/uploads\/Test_Photo_1000x850.jpg","contentUrl":"https:\/\/www.kinderfonds.be\/wp-content\/uploads\/Test_Photo_1000x850.jpg"},{"@type":"BreadcrumbList","@id":"https:\/\/www.kinderfonds.be\/fr\/partenaires\/devenir-partenaire\/#breadcrumb","itemListElement":[{"@type":"ListItem","position":1,"name":"Home","item":"https:\/\/www.kinderfonds.be\/fr\/accueil\/"},{"@type":"ListItem","position":2,"name":"Partenaires","item":"https:\/\/www.kinderfonds.be\/fr\/partenaires\/"},{"@type":"ListItem","position":3,"name":"Devenir partenaire"}]},{"@type":"WebSite","@id":"https:\/\/www.kinderfonds.be\/#website","url":"https:\/\/www.kinderfonds.be\/","name":"Ronald McDonald House Charities","description":"Keeping families close","publisher":{"@id":"https:\/\/www.kinderfonds.be\/#organization"},"potentialAction":[{"@type":"SearchAction","target":{"@type":"EntryPoint","urlTemplate":"https:\/\/www.kinderfonds.be\/?s={search_term_string}"},"query-input":{"@type":"PropertyValueSpecification","valueRequired":true,"valueName":"search_term_string"}}],"inLanguage":"fr-FR"},{"@type":"Organization","@id":"https:\/\/www.kinderfonds.be\/#organization","name":"Ronald McDonald House Charities","url":"https:\/\/www.kinderfonds.be\/","logo":{"@type":"ImageObject","inLanguage":"fr-FR","@id":"https:\/\/www.kinderfonds.be\/#\/schema\/logo\/image\/","url":"https:\/\/www.kinderfonds.be\/wp-content\/uploads\/cropped-01-Ronald-McDonald-House-Logo-Horizontal-scaled-1.png","contentUrl":"https:\/\/www.kinderfonds.be\/wp-content\/uploads\/cropped-01-Ronald-McDonald-House-Logo-Horizontal-scaled-1.png","width":2558,"height":1403,"caption":"Ronald McDonald House Charities"},"image":{"@id":"https:\/\/www.kinderfonds.be\/#\/schema\/logo\/image\/"}}]}},"_links":{"self":[{"href":"https:\/\/www.kinderfonds.be\/fr\/wp-json\/wp\/v2\/pages\/6212","targetHints":{"allow":["GET"]}}],"collection":[{"href":"https:\/\/www.kinderfonds.be\/fr\/wp-json\/wp\/v2\/pages"}],"about":[{"href":"https:\/\/www.kinderfonds.be\/fr\/wp-json\/wp\/v2\/types\/page"}],"author":[{"embeddable":true,"href":"https:\/\/www.kinderfonds.be\/fr\/wp-json\/wp\/v2\/users\/10"}],"replies":[{"embeddable":true,"href":"https:\/\/www.kinderfonds.be\/fr\/wp-json\/wp\/v2\/comments?post=6212"}],"version-history":[{"count":7,"href":"https:\/\/www.kinderfonds.be\/fr\/wp-json\/wp\/v2\/pages\/6212\/revisions"}],"predecessor-version":[{"id":7138,"href":"https:\/\/www.kinderfonds.be\/fr\/wp-json\/wp\/v2\/pages\/6212\/revisions\/7138"}],"up":[{"embeddable":true,"href":"https:\/\/www.kinderfonds.be\/fr\/wp-json\/wp\/v2\/pages\/6223"}],"wp:attachment":[{"href":"https:\/\/www.kinderfonds.be\/fr\/wp-json\/wp\/v2\/media?parent=6212"}],"curies":[{"name":"wp","href":"https:\/\/api.w.org\/{rel}","templated":true}]}}